{"id":347,"date":"2013-05-01T16:50:10","date_gmt":"2013-05-01T20:50:10","guid":{"rendered":"http:\/\/www.matness.ca\/?page_id=347"},"modified":"2014-11-12T11:47:05","modified_gmt":"2014-11-12T16:47:05","slug":"mmp","status":"publish","type":"page","link":"https:\/\/www.matness.ca\/en\/mmp\/","title":{"rendered":"bio"},"content":{"rendered":"<p><strong>Mathieu Murphy-Perron<\/strong> is a theatre practitioner and political organiser born and raised in Montr\u00e9al, Qu\u00e9bec. Co-artistic producer of the award winning Tableau D&#8217;H\u00f4te Theatre, he has been making art and causing trouble since his teenage years.<\/p>\n<p>Mathieu takes pictures and dabbles with words on paper. He often dreams up more projects than he can handle. He also has a\u00a0 strong penchant for creative commons, open access and remix culture.<\/p>\n","protected":false},"excerpt":{"rendered":"<p>Mathieu Murphy-Perron is a theatre practitioner and political organiser born and raised in Montr\u00e9al, Qu\u00e9bec. Co-artistic producer of the award winning Tableau D&#8217;H\u00f4te Theatre, he has been making art and causing trouble since his teenage years. Mathieu takes pictures and &hellip; <a href=\"https:\/\/www.matness.ca\/en\/mmp\/\">Continue reading<span class=\"meta-nav\">&rarr;<\/span><\/a><\/p>\n","protected":false},"author":1,"featured_media":0,"parent":0,"menu_order":0,"comment_status":"closed","ping_status":"closed","template":"","meta":{"jetpack_post_was_ever_published":false,"footnotes":""},"yoast_head":"<!-- This site is optimized with the Yoast SEO plugin v21.4 - https:\/\/yoast.com\/wordpress\/plugins\/seo\/ -->\n<title>bio - matness<\/title>\n<meta name=\"robots\" content=\"index, follow, max-snippet:-1, max-image-preview:large, max-video-preview:-1\" \/>\n<link rel=\"canonical\" href=\"https:\/\/www.matness.ca\/fr\/mmp\/\" \/>\n<meta property=\"og:locale\" content=\"en_US\" \/>\n<meta property=\"og:type\" content=\"article\" \/>\n<meta property=\"og:title\" content=\"bio - matness\" \/>\n<meta property=\"og:description\" content=\"Mathieu Murphy-Perron is a theatre practitioner and political organiser born and raised in Montr\u00e9al, Qu\u00e9bec. Co-artistic producer of the award winning Tableau D&#8217;H\u00f4te Theatre, he has been making art and causing trouble since his teenage years. Mathieu takes pictures and &hellip; Continue reading&rarr;\" \/>\n<meta property=\"og:url\" content=\"https:\/\/www.matness.ca\/fr\/mmp\/\" \/>\n<meta property=\"og:site_name\" content=\"matness\" \/>\n<meta property=\"article:modified_time\" content=\"2014-11-12T16:47:05+00:00\" \/>\n<meta name=\"twitter:card\" content=\"summary_large_image\" \/>\n<script type=\"application\/ld+json\" class=\"yoast-schema-graph\">{\"@context\":\"https:\/\/schema.org\",\"@graph\":[{\"@type\":\"WebPage\",\"@id\":\"https:\/\/www.matness.ca\/fr\/mmp\/\",\"url\":\"https:\/\/www.matness.ca\/fr\/mmp\/\",\"name\":\"bio - matness\",\"isPartOf\":{\"@id\":\"https:\/\/www.matness.ca\/en\/#website\"},\"datePublished\":\"2013-05-01T20:50:10+00:00\",\"dateModified\":\"2014-11-12T16:47:05+00:00\",\"breadcrumb\":{\"@id\":\"https:\/\/www.matness.ca\/fr\/mmp\/#breadcrumb\"},\"inLanguage\":\"en-US\",\"potentialAction\":[{\"@type\":\"ReadAction\",\"target\":[\"https:\/\/www.matness.ca\/fr\/mmp\/\"]}]},{\"@type\":\"BreadcrumbList\",\"@id\":\"https:\/\/www.matness.ca\/fr\/mmp\/#breadcrumb\",\"itemListElement\":[{\"@type\":\"ListItem\",\"position\":1,\"name\":\"Home\",\"item\":\"https:\/\/www.matness.ca\/en\/\"},{\"@type\":\"ListItem\",\"position\":2,\"name\":\"bio\"}]},{\"@type\":\"WebSite\",\"@id\":\"https:\/\/www.matness.ca\/en\/#website\",\"url\":\"https:\/\/www.matness.ca\/en\/\",\"name\":\"matness\",\"description\":\"compos\u00e9-hyphenated\",\"potentialAction\":[{\"@type\":\"SearchAction\",\"target\":{\"@type\":\"EntryPoint\",\"urlTemplate\":\"https:\/\/www.matness.ca\/en\/?s={search_term_string}\"},\"query-input\":\"required name=search_term_string\"}],\"inLanguage\":\"en-US\"}]}<\/script>\n<!-- \/ Yoast SEO plugin. -->","yoast_head_json":{"title":"bio - matness","robots":{"index":"index","follow":"follow","max-snippet":"max-snippet:-1","max-image-preview":"max-image-preview:large","max-video-preview":"max-video-preview:-1"},"canonical":"https:\/\/www.matness.ca\/fr\/mmp\/","og_locale":"en_US","og_type":"article","og_title":"bio - matness","og_description":"Mathieu Murphy-Perron is a theatre practitioner and political organiser born and raised in Montr\u00e9al, Qu\u00e9bec. Co-artistic producer of the award winning Tableau D&#8217;H\u00f4te Theatre, he has been making art and causing trouble since his teenage years. Mathieu takes pictures and &hellip; Continue reading&rarr;","og_url":"https:\/\/www.matness.ca\/fr\/mmp\/","og_site_name":"matness","article_modified_time":"2014-11-12T16:47:05+00:00","twitter_card":"summary_large_image","schema":{"@context":"https:\/\/schema.org","@graph":[{"@type":"WebPage","@id":"https:\/\/www.matness.ca\/fr\/mmp\/","url":"https:\/\/www.matness.ca\/fr\/mmp\/","name":"bio - matness","isPartOf":{"@id":"https:\/\/www.matness.ca\/en\/#website"},"datePublished":"2013-05-01T20:50:10+00:00","dateModified":"2014-11-12T16:47:05+00:00","breadcrumb":{"@id":"https:\/\/www.matness.ca\/fr\/mmp\/#breadcrumb"},"inLanguage":"en-US","potentialAction":[{"@type":"ReadAction","target":["https:\/\/www.matness.ca\/fr\/mmp\/"]}]},{"@type":"BreadcrumbList","@id":"https:\/\/www.matness.ca\/fr\/mmp\/#breadcrumb","itemListElement":[{"@type":"ListItem","position":1,"name":"Home","item":"https:\/\/www.matness.ca\/en\/"},{"@type":"ListItem","position":2,"name":"bio"}]},{"@type":"WebSite","@id":"https:\/\/www.matness.ca\/en\/#website","url":"https:\/\/www.matness.ca\/en\/","name":"matness","description":"compos\u00e9-hyphenated","potentialAction":[{"@type":"SearchAction","target":{"@type":"EntryPoint","urlTemplate":"https:\/\/www.matness.ca\/en\/?s={search_term_string}"},"query-input":"required name=search_term_string"}],"inLanguage":"en-US"}]}},"jetpack_sharing_enabled":true,"jetpack_shortlink":"https:\/\/wp.me\/P4Bhm0-5B","_links":{"self":[{"href":"https:\/\/www.matness.ca\/en\/wp-json\/wp\/v2\/pages\/347"}],"collection":[{"href":"https:\/\/www.matness.ca\/en\/wp-json\/wp\/v2\/pages"}],"about":[{"href":"https:\/\/www.matness.ca\/en\/wp-json\/wp\/v2\/types\/page"}],"author":[{"embeddable":true,"href":"https:\/\/www.matness.ca\/en\/wp-json\/wp\/v2\/users\/1"}],"replies":[{"embeddable":true,"href":"https:\/\/www.matness.ca\/en\/wp-json\/wp\/v2\/comments?post=347"}],"version-history":[{"count":10,"href":"https:\/\/www.matness.ca\/en\/wp-json\/wp\/v2\/pages\/347\/revisions"}],"predecessor-version":[{"id":983,"href":"https:\/\/www.matness.ca\/en\/wp-json\/wp\/v2\/pages\/347\/revisions\/983"}],"wp:attachment":[{"href":"https:\/\/www.matness.ca\/en\/wp-json\/wp\/v2\/media?parent=347"}],"curies":[{"name":"wp","href":"https:\/\/api.w.org\/{rel}","templated":true}]}}