{"id":10,"date":"2013-04-21T02:23:28","date_gmt":"2013-04-21T02:23:28","guid":{"rendered":"http:\/\/mmurphyperron.wordpress.com\/?page_id=10"},"modified":"2013-05-17T12:50:05","modified_gmt":"2013-05-17T16:50:05","slug":"wewerestrangers","status":"publish","type":"page","link":"https:\/\/www.matness.ca\/fr\/projects\/wewerestrangers\/","title":{"rendered":"wewerestrangers"},"content":{"rendered":"<p><strong>2010-2012<\/strong><br \/>\n<a title=\"wewerestrangers.com\" href=\"http:\/\/wewerestrangers.com\" target=\"_blank\"><strong>wewerestrangers.com<\/strong><\/a><\/p>\n<p>\u00c0 venir<\/p>\n<figure id=\"attachment_249\" aria-labelledby=\"figcaption_attachment_249\" class=\"wp-caption aligncenter\" style=\"width: 2048px\"><img decoding=\"async\" loading=\"lazy\" class=\"size-full wp-image-234\" alt=\"mussourie, india\" src=\"http:\/\/www.matness.ca\/wp-content\/uploads\/2013\/04\/matness__wws.jpg\" width=\"2048\" height=\"768\" srcset=\"https:\/\/www.matness.ca\/wp-content\/uploads\/2013\/04\/matness__wws.jpg 2048w, https:\/\/www.matness.ca\/wp-content\/uploads\/2013\/04\/matness__wws-380x142.jpg 380w, https:\/\/www.matness.ca\/wp-content\/uploads\/2013\/04\/matness__wws-800x300.jpg 800w, https:\/\/www.matness.ca\/wp-content\/uploads\/2013\/04\/matness__wws-760x285.jpg 760w, https:\/\/www.matness.ca\/wp-content\/uploads\/2013\/04\/matness__wws-1600x600.jpg 1600w\" sizes=\"(max-width: 2048px) 100vw, 2048px\" \/><figcaption id=\"figcaption_attachment_249\" class=\"wp-caption-text\">mussourie, india<\/figcaption><\/figure>\n<p><a title=\"06.06.11 -- danielle -- stranger #25 -- montr\u00e9al, qc by matness4dummies, on Flickr\" href=\"http:\/\/www.flickr.com\/photos\/matness\/5825494567\/\"><img decoding=\"async\" loading=\"lazy\" alt=\"06.06.11 -- danielle -- stranger #25 -- montr\u00e9al, qc\" src=\"http:\/\/farm4.staticflickr.com\/3059\/5825494567_1c9f8c3e3a.jpg\" width=\"590\" height=\"221\" \/><\/a><\/p>\n<dl class=\"wp-caption alignnone\" id=\"attachment_84\" style=\"width: 600px;\">\n<dd class=\"wp-caption-dd\">montr\u00e9al, qu\u00e9bec<\/dd>\n<\/dl>\n<p>&nbsp;<\/p>\n<figure id=\"attachment_84\" aria-labelledby=\"figcaption_attachment_84\" class=\"wp-caption alignnone\" style=\"width: 590px\"><a title=\"03.22.12 -- aur\u00e9lie -- montr\u00e9al, qc by matness4dummies, on Flickr\" href=\"http:\/\/www.flickr.com\/photos\/matness\/6939716774\/\"><img decoding=\"async\" loading=\"lazy\" alt=\"03.22.12 -- aur\u00e9lie -- montr\u00e9al, qc\" src=\"http:\/\/farm8.staticflickr.com\/7272\/6939716774_c34dbf5e39.jpg\" width=\"590\" height=\"221\" \/><\/a><figcaption id=\"figcaption_attachment_84\" class=\"wp-caption-text\">montr\u00e9al, qu\u00e9bec<\/figcaption><\/figure>\n","protected":false},"excerpt":{"rendered":"<p>2010-2012 wewerestrangers.com \u00c0 venir montr\u00e9al, qu\u00e9bec &nbsp;<\/p>\n","protected":false},"author":1,"featured_media":0,"parent":7,"menu_order":1,"comment_status":"closed","ping_status":"closed","template":"fullwidth-page.php","meta":{"jetpack_post_was_ever_published":false,"footnotes":""},"yoast_head":"<!-- This site is optimized with the Yoast SEO plugin v21.4 - https:\/\/yoast.com\/wordpress\/plugins\/seo\/ -->\n<title>wewerestrangers - matness<\/title>\n<meta name=\"robots\" content=\"index, follow, max-snippet:-1, max-image-preview:large, max-video-preview:-1\" \/>\n<link rel=\"canonical\" href=\"https:\/\/www.matness.ca\/fr\/projects\/wewerestrangers\/\" \/>\n<meta property=\"og:locale\" content=\"fr_FR\" \/>\n<meta property=\"og:type\" content=\"article\" \/>\n<meta property=\"og:title\" content=\"wewerestrangers - matness\" \/>\n<meta property=\"og:description\" content=\"2010-2012 wewerestrangers.com \u00c0 venir montr\u00e9al, qu\u00e9bec &nbsp;\" \/>\n<meta property=\"og:url\" content=\"https:\/\/www.matness.ca\/fr\/projects\/wewerestrangers\/\" \/>\n<meta property=\"og:site_name\" content=\"matness\" \/>\n<meta property=\"article:modified_time\" content=\"2013-05-17T16:50:05+00:00\" \/>\n<meta property=\"og:image\" content=\"http:\/\/www.matness.ca\/wp-content\/uploads\/2013\/04\/matness__wws.jpg\" \/>\n<meta name=\"twitter:card\" content=\"summary_large_image\" \/>\n<script type=\"application\/ld+json\" class=\"yoast-schema-graph\">{\"@context\":\"https:\/\/schema.org\",\"@graph\":[{\"@type\":\"WebPage\",\"@id\":\"https:\/\/www.matness.ca\/fr\/projects\/wewerestrangers\/\",\"url\":\"https:\/\/www.matness.ca\/fr\/projects\/wewerestrangers\/\",\"name\":\"wewerestrangers - matness\",\"isPartOf\":{\"@id\":\"https:\/\/www.matness.ca\/en\/#website\"},\"datePublished\":\"2013-04-21T02:23:28+00:00\",\"dateModified\":\"2013-05-17T16:50:05+00:00\",\"breadcrumb\":{\"@id\":\"https:\/\/www.matness.ca\/fr\/projects\/wewerestrangers\/#breadcrumb\"},\"inLanguage\":\"fr-FR\",\"potentialAction\":[{\"@type\":\"ReadAction\",\"target\":[\"https:\/\/www.matness.ca\/fr\/projects\/wewerestrangers\/\"]}]},{\"@type\":\"BreadcrumbList\",\"@id\":\"https:\/\/www.matness.ca\/fr\/projects\/wewerestrangers\/#breadcrumb\",\"itemListElement\":[{\"@type\":\"ListItem\",\"position\":1,\"name\":\"Home\",\"item\":\"https:\/\/www.matness.ca\/en\/\"},{\"@type\":\"ListItem\",\"position\":2,\"name\":\"projets\",\"item\":\"https:\/\/www.matness.ca\/fr\/projects\/\"},{\"@type\":\"ListItem\",\"position\":3,\"name\":\"wewerestrangers\"}]},{\"@type\":\"WebSite\",\"@id\":\"https:\/\/www.matness.ca\/en\/#website\",\"url\":\"https:\/\/www.matness.ca\/en\/\",\"name\":\"matness\",\"description\":\"compos\u00e9-hyphenated\",\"potentialAction\":[{\"@type\":\"SearchAction\",\"target\":{\"@type\":\"EntryPoint\",\"urlTemplate\":\"https:\/\/www.matness.ca\/en\/?s={search_term_string}\"},\"query-input\":\"required name=search_term_string\"}],\"inLanguage\":\"fr-FR\"}]}<\/script>\n<!-- \/ Yoast SEO plugin. -->","yoast_head_json":{"title":"wewerestrangers - matness","robots":{"index":"index","follow":"follow","max-snippet":"max-snippet:-1","max-image-preview":"max-image-preview:large","max-video-preview":"max-video-preview:-1"},"canonical":"https:\/\/www.matness.ca\/fr\/projects\/wewerestrangers\/","og_locale":"fr_FR","og_type":"article","og_title":"wewerestrangers - matness","og_description":"2010-2012 wewerestrangers.com \u00c0 venir montr\u00e9al, qu\u00e9bec &nbsp;","og_url":"https:\/\/www.matness.ca\/fr\/projects\/wewerestrangers\/","og_site_name":"matness","article_modified_time":"2013-05-17T16:50:05+00:00","og_image":[{"url":"http:\/\/www.matness.ca\/wp-content\/uploads\/2013\/04\/matness__wws.jpg"}],"twitter_card":"summary_large_image","schema":{"@context":"https:\/\/schema.org","@graph":[{"@type":"WebPage","@id":"https:\/\/www.matness.ca\/fr\/projects\/wewerestrangers\/","url":"https:\/\/www.matness.ca\/fr\/projects\/wewerestrangers\/","name":"wewerestrangers - matness","isPartOf":{"@id":"https:\/\/www.matness.ca\/en\/#website"},"datePublished":"2013-04-21T02:23:28+00:00","dateModified":"2013-05-17T16:50:05+00:00","breadcrumb":{"@id":"https:\/\/www.matness.ca\/fr\/projects\/wewerestrangers\/#breadcrumb"},"inLanguage":"fr-FR","potentialAction":[{"@type":"ReadAction","target":["https:\/\/www.matness.ca\/fr\/projects\/wewerestrangers\/"]}]},{"@type":"BreadcrumbList","@id":"https:\/\/www.matness.ca\/fr\/projects\/wewerestrangers\/#breadcrumb","itemListElement":[{"@type":"ListItem","position":1,"name":"Home","item":"https:\/\/www.matness.ca\/en\/"},{"@type":"ListItem","position":2,"name":"projets","item":"https:\/\/www.matness.ca\/fr\/projects\/"},{"@type":"ListItem","position":3,"name":"wewerestrangers"}]},{"@type":"WebSite","@id":"https:\/\/www.matness.ca\/en\/#website","url":"https:\/\/www.matness.ca\/en\/","name":"matness","description":"compos\u00e9-hyphenated","potentialAction":[{"@type":"SearchAction","target":{"@type":"EntryPoint","urlTemplate":"https:\/\/www.matness.ca\/en\/?s={search_term_string}"},"query-input":"required name=search_term_string"}],"inLanguage":"fr-FR"}]}},"jetpack_sharing_enabled":false,"jetpack_shortlink":"https:\/\/wp.me\/P4Bhm0-a","_links":{"self":[{"href":"https:\/\/www.matness.ca\/fr\/wp-json\/wp\/v2\/pages\/10"}],"collection":[{"href":"https:\/\/www.matness.ca\/fr\/wp-json\/wp\/v2\/pages"}],"about":[{"href":"https:\/\/www.matness.ca\/fr\/wp-json\/wp\/v2\/types\/page"}],"author":[{"embeddable":true,"href":"https:\/\/www.matness.ca\/fr\/wp-json\/wp\/v2\/users\/1"}],"replies":[{"embeddable":true,"href":"https:\/\/www.matness.ca\/fr\/wp-json\/wp\/v2\/comments?post=10"}],"version-history":[{"count":10,"href":"https:\/\/www.matness.ca\/fr\/wp-json\/wp\/v2\/pages\/10\/revisions"}],"predecessor-version":[{"id":405,"href":"https:\/\/www.matness.ca\/fr\/wp-json\/wp\/v2\/pages\/10\/revisions\/405"}],"up":[{"embeddable":true,"href":"https:\/\/www.matness.ca\/fr\/wp-json\/wp\/v2\/pages\/7"}],"wp:attachment":[{"href":"https:\/\/www.matness.ca\/fr\/wp-json\/wp\/v2\/media?parent=10"}],"curies":[{"name":"wp","href":"https:\/\/api.w.org\/{rel}","templated":true}]}}