{"id":34,"date":"2013-04-21T02:28:37","date_gmt":"2013-04-21T02:28:37","guid":{"rendered":"http:\/\/mmurphyperron.wordpress.com\/?page_id=34"},"modified":"2013-05-17T12:52:40","modified_gmt":"2013-05-17T16:52:40","slug":"mon-metro","status":"publish","type":"page","link":"https:\/\/www.matness.ca\/fr\/projects\/mon-metro\/","title":{"rendered":"mon metro"},"content":{"rendered":"<p><a title=\"monmetro.ca\" href=\"http:\/\/monmetro.ca\" target=\"_blank\">monmetro.ca<\/a><\/p>\n<p>68 stations.<br \/>\n68 portraits.<\/p>\n<p>Pour exposer les quartiers de la r\u00e9gion m\u00e9tropolitaine de Montr\u00e9al et ses citadins, un appel est lanc\u00e9 aux habitants et habitantes: se faire photographier pr\u00e8s de leur station de m\u00e9tro. Parcouran 71km, le m\u00e9tro historique de Montr\u00e9al est appr\u00e9ci\u00e9 pour son art moderne, sa lumi\u00e8re et ses couleurs, mais ses utilisateurs qui lui donnent sa vivacit\u00e9.<\/p>\n<p>Pour participer, veuillez \u00e9crire a info@monmetro.ca avec votre nom, votre station de m\u00e9tro et pourquoi vous voulez prendre part au projet.<\/p>\n","protected":false},"excerpt":{"rendered":"<p>monmetro.ca 68 stations. 68 portraits. Pour exposer les quartiers de la r\u00e9gion m\u00e9tropolitaine de Montr\u00e9al et ses citadins, un appel est lanc\u00e9 aux habitants et habitantes: se faire photographier pr\u00e8s de leur station de m\u00e9tro. Parcouran 71km, le m\u00e9tro historique &hellip; <a href=\"https:\/\/www.matness.ca\/fr\/projects\/mon-metro\/\">Continue reading<span class=\"meta-nav\">&rarr;<\/span><\/a><\/p>\n","protected":false},"author":1,"featured_media":0,"parent":7,"menu_order":4,"comment_status":"closed","ping_status":"closed","template":"fullwidth-page.php","meta":{"jetpack_post_was_ever_published":false,"footnotes":""},"yoast_head":"<!-- This site is optimized with the Yoast SEO plugin v21.4 - https:\/\/yoast.com\/wordpress\/plugins\/seo\/ -->\n<title>mon metro - matness<\/title>\n<meta name=\"robots\" content=\"index, follow, max-snippet:-1, max-image-preview:large, max-video-preview:-1\" \/>\n<link rel=\"canonical\" href=\"https:\/\/www.matness.ca\/fr\/projects\/mon-metro\/\" \/>\n<meta property=\"og:locale\" content=\"fr_FR\" \/>\n<meta property=\"og:type\" content=\"article\" \/>\n<meta property=\"og:title\" content=\"mon metro - matness\" \/>\n<meta property=\"og:description\" content=\"monmetro.ca 68 stations. 68 portraits. Pour exposer les quartiers de la r\u00e9gion m\u00e9tropolitaine de Montr\u00e9al et ses citadins, un appel est lanc\u00e9 aux habitants et habitantes: se faire photographier pr\u00e8s de leur station de m\u00e9tro. Parcouran 71km, le m\u00e9tro historique &hellip; Continue reading&rarr;\" \/>\n<meta property=\"og:url\" content=\"https:\/\/www.matness.ca\/fr\/projects\/mon-metro\/\" \/>\n<meta property=\"og:site_name\" content=\"matness\" \/>\n<meta property=\"article:modified_time\" content=\"2013-05-17T16:52:40+00:00\" \/>\n<meta name=\"twitter:card\" content=\"summary_large_image\" \/>\n<script type=\"application\/ld+json\" class=\"yoast-schema-graph\">{\"@context\":\"https:\/\/schema.org\",\"@graph\":[{\"@type\":\"WebPage\",\"@id\":\"https:\/\/www.matness.ca\/fr\/projects\/mon-metro\/\",\"url\":\"https:\/\/www.matness.ca\/fr\/projects\/mon-metro\/\",\"name\":\"mon metro - matness\",\"isPartOf\":{\"@id\":\"https:\/\/www.matness.ca\/en\/#website\"},\"datePublished\":\"2013-04-21T02:28:37+00:00\",\"dateModified\":\"2013-05-17T16:52:40+00:00\",\"breadcrumb\":{\"@id\":\"https:\/\/www.matness.ca\/fr\/projects\/mon-metro\/#breadcrumb\"},\"inLanguage\":\"fr-FR\",\"potentialAction\":[{\"@type\":\"ReadAction\",\"target\":[\"https:\/\/www.matness.ca\/fr\/projects\/mon-metro\/\"]}]},{\"@type\":\"BreadcrumbList\",\"@id\":\"https:\/\/www.matness.ca\/fr\/projects\/mon-metro\/#breadcrumb\",\"itemListElement\":[{\"@type\":\"ListItem\",\"position\":1,\"name\":\"Home\",\"item\":\"https:\/\/www.matness.ca\/en\/\"},{\"@type\":\"ListItem\",\"position\":2,\"name\":\"projets\",\"item\":\"https:\/\/www.matness.ca\/fr\/projects\/\"},{\"@type\":\"ListItem\",\"position\":3,\"name\":\"mon metro\"}]},{\"@type\":\"WebSite\",\"@id\":\"https:\/\/www.matness.ca\/en\/#website\",\"url\":\"https:\/\/www.matness.ca\/en\/\",\"name\":\"matness\",\"description\":\"compos\u00e9-hyphenated\",\"potentialAction\":[{\"@type\":\"SearchAction\",\"target\":{\"@type\":\"EntryPoint\",\"urlTemplate\":\"https:\/\/www.matness.ca\/en\/?s={search_term_string}\"},\"query-input\":\"required name=search_term_string\"}],\"inLanguage\":\"fr-FR\"}]}<\/script>\n<!-- \/ Yoast SEO plugin. -->","yoast_head_json":{"title":"mon metro - matness","robots":{"index":"index","follow":"follow","max-snippet":"max-snippet:-1","max-image-preview":"max-image-preview:large","max-video-preview":"max-video-preview:-1"},"canonical":"https:\/\/www.matness.ca\/fr\/projects\/mon-metro\/","og_locale":"fr_FR","og_type":"article","og_title":"mon metro - matness","og_description":"monmetro.ca 68 stations. 68 portraits. Pour exposer les quartiers de la r\u00e9gion m\u00e9tropolitaine de Montr\u00e9al et ses citadins, un appel est lanc\u00e9 aux habitants et habitantes: se faire photographier pr\u00e8s de leur station de m\u00e9tro. Parcouran 71km, le m\u00e9tro historique &hellip; Continue reading&rarr;","og_url":"https:\/\/www.matness.ca\/fr\/projects\/mon-metro\/","og_site_name":"matness","article_modified_time":"2013-05-17T16:52:40+00:00","twitter_card":"summary_large_image","schema":{"@context":"https:\/\/schema.org","@graph":[{"@type":"WebPage","@id":"https:\/\/www.matness.ca\/fr\/projects\/mon-metro\/","url":"https:\/\/www.matness.ca\/fr\/projects\/mon-metro\/","name":"mon metro - matness","isPartOf":{"@id":"https:\/\/www.matness.ca\/en\/#website"},"datePublished":"2013-04-21T02:28:37+00:00","dateModified":"2013-05-17T16:52:40+00:00","breadcrumb":{"@id":"https:\/\/www.matness.ca\/fr\/projects\/mon-metro\/#breadcrumb"},"inLanguage":"fr-FR","potentialAction":[{"@type":"ReadAction","target":["https:\/\/www.matness.ca\/fr\/projects\/mon-metro\/"]}]},{"@type":"BreadcrumbList","@id":"https:\/\/www.matness.ca\/fr\/projects\/mon-metro\/#breadcrumb","itemListElement":[{"@type":"ListItem","position":1,"name":"Home","item":"https:\/\/www.matness.ca\/en\/"},{"@type":"ListItem","position":2,"name":"projets","item":"https:\/\/www.matness.ca\/fr\/projects\/"},{"@type":"ListItem","position":3,"name":"mon metro"}]},{"@type":"WebSite","@id":"https:\/\/www.matness.ca\/en\/#website","url":"https:\/\/www.matness.ca\/en\/","name":"matness","description":"compos\u00e9-hyphenated","potentialAction":[{"@type":"SearchAction","target":{"@type":"EntryPoint","urlTemplate":"https:\/\/www.matness.ca\/en\/?s={search_term_string}"},"query-input":"required name=search_term_string"}],"inLanguage":"fr-FR"}]}},"jetpack_sharing_enabled":false,"jetpack_shortlink":"https:\/\/wp.me\/P4Bhm0-y","_links":{"self":[{"href":"https:\/\/www.matness.ca\/fr\/wp-json\/wp\/v2\/pages\/34"}],"collection":[{"href":"https:\/\/www.matness.ca\/fr\/wp-json\/wp\/v2\/pages"}],"about":[{"href":"https:\/\/www.matness.ca\/fr\/wp-json\/wp\/v2\/types\/page"}],"author":[{"embeddable":true,"href":"https:\/\/www.matness.ca\/fr\/wp-json\/wp\/v2\/users\/1"}],"replies":[{"embeddable":true,"href":"https:\/\/www.matness.ca\/fr\/wp-json\/wp\/v2\/comments?post=34"}],"version-history":[{"count":7,"href":"https:\/\/www.matness.ca\/fr\/wp-json\/wp\/v2\/pages\/34\/revisions"}],"predecessor-version":[{"id":254,"href":"https:\/\/www.matness.ca\/fr\/wp-json\/wp\/v2\/pages\/34\/revisions\/254"}],"up":[{"embeddable":true,"href":"https:\/\/www.matness.ca\/fr\/wp-json\/wp\/v2\/pages\/7"}],"wp:attachment":[{"href":"https:\/\/www.matness.ca\/fr\/wp-json\/wp\/v2\/media?parent=34"}],"curies":[{"name":"wp","href":"https:\/\/api.w.org\/{rel}","templated":true}]}}