{"id":616,"date":"2014-04-18T11:26:17","date_gmt":"2014-04-18T15:26:17","guid":{"rendered":"http:\/\/www.matness.ca\/?page_id=616"},"modified":"2014-04-18T11:26:17","modified_gmt":"2014-04-18T15:26:17","slug":"tableau-portrait","status":"publish","type":"page","link":"https:\/\/www.matness.ca\/fr\/projects\/tableau-portrait\/","title":{"rendered":"Tableau Portrait"},"content":{"rendered":"<p>Tableau Portrait est une s\u00e9rie de 10 clich\u00e9s inspir\u00e9s de th\u00e9\u00e2tre et po\u00e9sie contemporaine. Photographi\u00e9 dans des lieux publics et semi-publics dans la grande r\u00e9gion de Montr\u00e9al, les oeuvres seront publi\u00e9s aux deux semaines entre le 20 avril et le 29 ao\u00fbt 2014. <\/p>\n<p>Ce projet n\u00e9cessite la participation b\u00e9n\u00e9vole de mannequins\/com\u00e9dien.ne.s. De l&rsquo;exp\u00e9rience en jeu n&rsquo;est pas n\u00e9cessaire et des participant.e.s de toutes les tailles, \u00e2ges, habilit\u00e9s et races sont encourag\u00e9.e.s de postuler.  <\/p>\n<p>Les personnes int\u00e9ress\u00e9.e.s sont demander de contacter Mathieu Murphy-Perron \u00e0 murphy.perron@gmail.com ou sur Twitter, @matness.<\/p>\n<p>Un projet exp\u00e9rimental de <a href=\"http:\/\/spiderwebshow.ca\" target=\"_blank\">spiderwebshow.ca<\/a>.<\/p>\n","protected":false},"excerpt":{"rendered":"<p>Tableau Portrait est une s\u00e9rie de 10 clich\u00e9s inspir\u00e9s de th\u00e9\u00e2tre et po\u00e9sie contemporaine. Photographi\u00e9 dans des lieux publics et semi-publics dans la grande r\u00e9gion de Montr\u00e9al, les oeuvres seront publi\u00e9s aux deux semaines entre le 20 avril et le &hellip; <a href=\"https:\/\/www.matness.ca\/fr\/projects\/tableau-portrait\/\">Continue reading<span class=\"meta-nav\">&rarr;<\/span><\/a><\/p>\n","protected":false},"author":1,"featured_media":0,"parent":7,"menu_order":0,"comment_status":"open","ping_status":"open","template":"","meta":{"jetpack_post_was_ever_published":false,"footnotes":""},"yoast_head":"<!-- This site is optimized with the Yoast SEO plugin v21.4 - https:\/\/yoast.com\/wordpress\/plugins\/seo\/ -->\n<title>Tableau Portrait - matness<\/title>\n<meta name=\"robots\" content=\"index, follow, max-snippet:-1, max-image-preview:large, max-video-preview:-1\" \/>\n<link rel=\"canonical\" href=\"https:\/\/www.matness.ca\/fr\/projects\/tableau-portrait\/\" \/>\n<meta property=\"og:locale\" content=\"fr_FR\" \/>\n<meta property=\"og:type\" content=\"article\" \/>\n<meta property=\"og:title\" content=\"Tableau Portrait - matness\" \/>\n<meta property=\"og:description\" content=\"Tableau Portrait est une s\u00e9rie de 10 clich\u00e9s inspir\u00e9s de th\u00e9\u00e2tre et po\u00e9sie contemporaine. Photographi\u00e9 dans des lieux publics et semi-publics dans la grande r\u00e9gion de Montr\u00e9al, les oeuvres seront publi\u00e9s aux deux semaines entre le 20 avril et le &hellip; Continue reading&rarr;\" \/>\n<meta property=\"og:url\" content=\"https:\/\/www.matness.ca\/fr\/projects\/tableau-portrait\/\" \/>\n<meta property=\"og:site_name\" content=\"matness\" \/>\n<meta name=\"twitter:card\" content=\"summary_large_image\" \/>\n<meta name=\"twitter:label1\" content=\"Dur\u00e9e de lecture estim\u00e9e\" \/>\n\t<meta name=\"twitter:data1\" content=\"1 minute\" \/>\n<script type=\"application\/ld+json\" class=\"yoast-schema-graph\">{\"@context\":\"https:\/\/schema.org\",\"@graph\":[{\"@type\":\"WebPage\",\"@id\":\"https:\/\/www.matness.ca\/fr\/projects\/tableau-portrait\/\",\"url\":\"https:\/\/www.matness.ca\/fr\/projects\/tableau-portrait\/\",\"name\":\"Tableau Portrait - matness\",\"isPartOf\":{\"@id\":\"https:\/\/www.matness.ca\/en\/#website\"},\"datePublished\":\"2014-04-18T15:26:17+00:00\",\"dateModified\":\"2014-04-18T15:26:17+00:00\",\"breadcrumb\":{\"@id\":\"https:\/\/www.matness.ca\/fr\/projects\/tableau-portrait\/#breadcrumb\"},\"inLanguage\":\"fr-FR\",\"potentialAction\":[{\"@type\":\"ReadAction\",\"target\":[\"https:\/\/www.matness.ca\/fr\/projects\/tableau-portrait\/\"]}]},{\"@type\":\"BreadcrumbList\",\"@id\":\"https:\/\/www.matness.ca\/fr\/projects\/tableau-portrait\/#breadcrumb\",\"itemListElement\":[{\"@type\":\"ListItem\",\"position\":1,\"name\":\"Home\",\"item\":\"https:\/\/www.matness.ca\/en\/\"},{\"@type\":\"ListItem\",\"position\":2,\"name\":\"projets\",\"item\":\"https:\/\/www.matness.ca\/fr\/projects\/\"},{\"@type\":\"ListItem\",\"position\":3,\"name\":\"Tableau Portrait\"}]},{\"@type\":\"WebSite\",\"@id\":\"https:\/\/www.matness.ca\/en\/#website\",\"url\":\"https:\/\/www.matness.ca\/en\/\",\"name\":\"matness\",\"description\":\"compos\u00e9-hyphenated\",\"potentialAction\":[{\"@type\":\"SearchAction\",\"target\":{\"@type\":\"EntryPoint\",\"urlTemplate\":\"https:\/\/www.matness.ca\/en\/?s={search_term_string}\"},\"query-input\":\"required name=search_term_string\"}],\"inLanguage\":\"fr-FR\"}]}<\/script>\n<!-- \/ Yoast SEO plugin. -->","yoast_head_json":{"title":"Tableau Portrait - matness","robots":{"index":"index","follow":"follow","max-snippet":"max-snippet:-1","max-image-preview":"max-image-preview:large","max-video-preview":"max-video-preview:-1"},"canonical":"https:\/\/www.matness.ca\/fr\/projects\/tableau-portrait\/","og_locale":"fr_FR","og_type":"article","og_title":"Tableau Portrait - matness","og_description":"Tableau Portrait est une s\u00e9rie de 10 clich\u00e9s inspir\u00e9s de th\u00e9\u00e2tre et po\u00e9sie contemporaine. Photographi\u00e9 dans des lieux publics et semi-publics dans la grande r\u00e9gion de Montr\u00e9al, les oeuvres seront publi\u00e9s aux deux semaines entre le 20 avril et le &hellip; Continue reading&rarr;","og_url":"https:\/\/www.matness.ca\/fr\/projects\/tableau-portrait\/","og_site_name":"matness","twitter_card":"summary_large_image","twitter_misc":{"Dur\u00e9e de lecture estim\u00e9e":"1 minute"},"schema":{"@context":"https:\/\/schema.org","@graph":[{"@type":"WebPage","@id":"https:\/\/www.matness.ca\/fr\/projects\/tableau-portrait\/","url":"https:\/\/www.matness.ca\/fr\/projects\/tableau-portrait\/","name":"Tableau Portrait - matness","isPartOf":{"@id":"https:\/\/www.matness.ca\/en\/#website"},"datePublished":"2014-04-18T15:26:17+00:00","dateModified":"2014-04-18T15:26:17+00:00","breadcrumb":{"@id":"https:\/\/www.matness.ca\/fr\/projects\/tableau-portrait\/#breadcrumb"},"inLanguage":"fr-FR","potentialAction":[{"@type":"ReadAction","target":["https:\/\/www.matness.ca\/fr\/projects\/tableau-portrait\/"]}]},{"@type":"BreadcrumbList","@id":"https:\/\/www.matness.ca\/fr\/projects\/tableau-portrait\/#breadcrumb","itemListElement":[{"@type":"ListItem","position":1,"name":"Home","item":"https:\/\/www.matness.ca\/en\/"},{"@type":"ListItem","position":2,"name":"projets","item":"https:\/\/www.matness.ca\/fr\/projects\/"},{"@type":"ListItem","position":3,"name":"Tableau Portrait"}]},{"@type":"WebSite","@id":"https:\/\/www.matness.ca\/en\/#website","url":"https:\/\/www.matness.ca\/en\/","name":"matness","description":"compos\u00e9-hyphenated","potentialAction":[{"@type":"SearchAction","target":{"@type":"EntryPoint","urlTemplate":"https:\/\/www.matness.ca\/en\/?s={search_term_string}"},"query-input":"required name=search_term_string"}],"inLanguage":"fr-FR"}]}},"jetpack_sharing_enabled":true,"jetpack_shortlink":"https:\/\/wp.me\/P4Bhm0-9W","_links":{"self":[{"href":"https:\/\/www.matness.ca\/fr\/wp-json\/wp\/v2\/pages\/616"}],"collection":[{"href":"https:\/\/www.matness.ca\/fr\/wp-json\/wp\/v2\/pages"}],"about":[{"href":"https:\/\/www.matness.ca\/fr\/wp-json\/wp\/v2\/types\/page"}],"author":[{"embeddable":true,"href":"https:\/\/www.matness.ca\/fr\/wp-json\/wp\/v2\/users\/1"}],"replies":[{"embeddable":true,"href":"https:\/\/www.matness.ca\/fr\/wp-json\/wp\/v2\/comments?post=616"}],"version-history":[{"count":2,"href":"https:\/\/www.matness.ca\/fr\/wp-json\/wp\/v2\/pages\/616\/revisions"}],"predecessor-version":[{"id":618,"href":"https:\/\/www.matness.ca\/fr\/wp-json\/wp\/v2\/pages\/616\/revisions\/618"}],"up":[{"embeddable":true,"href":"https:\/\/www.matness.ca\/fr\/wp-json\/wp\/v2\/pages\/7"}],"wp:attachment":[{"href":"https:\/\/www.matness.ca\/fr\/wp-json\/wp\/v2\/media?parent=616"}],"curies":[{"name":"wp","href":"https:\/\/api.w.org\/{rel}","templated":true}]}}